{"id":3,"date":"2022-03-09T12:54:46","date_gmt":"2022-03-09T12:54:46","guid":{"rendered":"https:\/\/documentosexpress.es\/?page_id=3"},"modified":"2024-01-29T12:10:35","modified_gmt":"2024-01-29T12:10:35","slug":"politica-privacidad","status":"publish","type":"page","link":"https:\/\/documentosexpress.es\/en\/politica-privacidad\/","title":{"rendered":"Privacy policy"},"content":{"rendered":"<p><strong>INFORMACI\u00d3N B\u00c1SICA DE PROTECCI\u00d3N DE DATOS<\/strong><\/p>\n\n\n\n<figure class=\"wp-block-table\"><table><tbody><tr><td>Responsable<\/td><td><strong>Documentos Express Sl<\/strong><\/td><\/tr><tr><td>Finalidad<\/td><td>Atender las solicitudes realizadas a trav\u00e9s de la web, gestionar el env\u00edo de informaci\u00f3n.<\/td><\/tr><tr><td>Legitimaci\u00f3n<\/td><td>Consentimiento del interesado y ejecuci\u00f3n de un precontrato\/ contrato.<\/td><\/tr><tr><td>Destinatarios<\/td><td>No se ceder\u00e1n datos a terceros salvo obligaci\u00f3n legal o en el supuesto que sea necesario para atender su solicitud.<\/td><\/tr><tr><td>Derechos<\/td><td>Podr\u00e1 ejercer los derechos de acceso, rectificaci\u00f3n, supresi\u00f3n y oposici\u00f3n, limitaci\u00f3n del tratamiento, portabilidad de datos y a no ser objeto de decisiones individualizadas automatizadas.<\/td><\/tr><tr><td>Informaci\u00f3n adicional<\/td><td>Puede consultar la informaci\u00f3n adicional sobre protecci\u00f3n de Datos en nuestra web.<\/td><\/tr><\/tbody><\/table><\/figure>\n\n\n\n<p><strong>Documentos Express Sl<\/strong>, en adelante, se compromete a cumplir la legislaci\u00f3n vigente en cada momento en materia de tratamiento de datos de car\u00e1cter personal. Mediante la siguiente pol\u00edtica de privacidad <strong>Documentos Express Sl<\/strong>, de conformidad con los requisitos previstos en el RGPD informa a los usuarios de:<\/p>\n\n\n\n<p><strong>1. \u00bfQUI\u00c9N ES EL RESPONSABLE DEL TRATAMIENTO DE SUS DATOS?<\/strong><br>El responsable del tratamiento de sus datos es <strong>Documentos Express Sl<\/strong>:<\/p>\n\n\n\n<figure class=\"wp-block-table\"><table><tbody><tr><td>Identidad<\/td><td><strong>Documentos Express Sl<\/strong> &#8211; <strong>B76650084<\/strong><\/td><\/tr><tr><td>Direcci\u00f3n<\/td><td>Avenida Claudio Delgado diaz, 67 &#8211; PISO 1 PTA IZ,\u00a0San Miguel de Abona,\u00a038620,\u00a0Tenerife<\/td><\/tr><tr><td>Tel\u00e9fono<\/td><td><a href=\"tel:\/\/634 725 375\">634 725 375<\/a>.<\/td><\/tr><tr><td>Web<\/td><td><a href=\"http:\/\/www.webmastercanarias.com\/\">www.webmastercanarias.com<\/a>.<\/td><\/tr><tr><td>Correo-e<\/td><td><a href=\"mailto:documentosexpress.sl@gmail.com\">documentosexpress.sl@gmail.com<\/a><\/td><\/tr><tr><td>Informaci\u00f3n adicional<\/td><td>Puede consultar la informaci\u00f3n adicional sobre protecci\u00f3n de Datos en nuestra web.<\/td><\/tr><\/tbody><\/table><\/figure>\n\n\n\n<p><strong>Documentos Express Sl<\/strong> informa al usuario que los datos que nos facilite a trav\u00e9s de la navegaci\u00f3n por nuestra web, el formulario de contacto o en el env\u00edo de correos electr\u00f3nicos, van a ser tratados por <strong>Documentos Express Sl<\/strong> y que dicho tratamiento se encuentra recogido en el Registro de Actividades de tratamiento gestionado por <strong>Documentos Express Sl<\/strong> conforme a lo establecido en el RGPD.<\/p>\n\n\n\n<p><strong>2. \u00bfPARA QU\u00c9 SE UTILIZAN SUS DATOS PERSONALES?<\/strong><br>In&nbsp;<a href=\"http:\/\/www.webmastercanarias.com\/\">www.webmastercanarias.com<\/a>&nbsp;cuando el usuario acepta nuestra pol\u00edtica de privacidad nos autoriza a utilizar y tratar los datos personales suministrados para:<\/p>\n\n\n\n<ul class=\"wp-block-list\">\n<li>Remitirle la informaci\u00f3n y prestarle el servicio que soliciten mediante los diversos formularios disponibles en nuestra web.<\/li>\n\n\n\n<li>Facilitarle informaci\u00f3n sobre las ofertas, productos y servicios solicitados.<\/li>\n\n\n\n<li>Ocasionalmente, <strong>Documentos Express Sl<\/strong> podr\u00e1 utilizar sus datos de car\u00e1cter personal para enviarle notificaciones por medio de correo electr\u00f3nico. Dichas notificaciones se har\u00e1n para informar sobre las modificaciones en nuestros servicios o productos o en nuestras pol\u00edticas condiciones legales.<\/li>\n\n\n\n<li>Remitirle comunicaciones comerciales sobre ofertas, actividades y promociones de <strong>Documentos Express Sl<\/strong> y del sector de que pudieran ser de su inter\u00e9s por medios convencionales o electr\u00f3nicos cuando haya marcado la casilla de que desea recibir informaci\u00f3n.<\/li>\n<\/ul>\n\n\n\n<p><a href=\"http:\/\/www.webmastercanarias.com\/\">www.webmastercanarias.com<\/a>&nbsp;tambi\u00e9n recoge informaci\u00f3n de los usuarios de la web no facilitada directamente por ellos mediante cookies y dispositivos DARD. Los datos recogidos a trav\u00e9s de las cookies y otros dispositivos ser\u00e1n utilizados para estudios estad\u00edsticos y an\u00e1lisis de perfiles con la finalidad de prestar un mejor servicio a trav\u00e9s de nuestra web, para lo que se utilizar\u00e1 GOOGLE ANALYTICS, que es una herramienta de Google para ayudar a analizar a los propietarios de los sitios web el modo en que sus visitantes interact\u00faan con sus propiedades. Puede obtener m\u00e1s informaci\u00f3n de su pol\u00edtica de privacidad en&nbsp;<a href=\"https:\/\/www.google.es\/intl\/es_ALL\/analytics\/learn\/privacy.html\" target=\"_blank\" rel=\"noreferrer noopener\">https:\/\/www.google.es\/intl\/es_ALL\/analytics\/learn\/privacy.html<\/a>.<br>Google, incluidas todas sus herramientas, cumplen con el marco EU-US Privacy Shield Framework, de conformidad con lo establecido por el Departamento de Comercio de los Estados Unidos en lo que respecta a la recogida, utilizaci\u00f3n y conservaci\u00f3n de la informaci\u00f3n personal de pa\u00edses miembros de la Uni\u00f3n Europea.<br><a href=\"http:\/\/www.webmastercanarias.com\/\">www.webmastercanarias.com<\/a>&nbsp;procurar\u00e1 en todo momento establecer mecanismos adecuados para obtener el consentimiento del Usuario para la instalaci\u00f3n de cookies que lo requieran. Cuando un usuario accede a nuestra web aparece un pop-up en el que se informa de la existencia de cookies y de que si contin\u00faa navegando por nuestra p\u00e1gina presta su consentimiento para la instalaci\u00f3n de cookies. La aceptaci\u00f3n de la instalaci\u00f3n de las cookies conlleva la aceptaci\u00f3n de la conservaci\u00f3n de la direcci\u00f3n IP en los registros de&nbsp;<a href=\"http:\/\/www.webmastercanarias.com\/\">www.webmastercanarias.com<\/a>, junto con la fecha de aceptaci\u00f3n, por el plazo de un a\u00f1o, con la finalidad de demostrar el consentimiento prestado. Puede obtener m\u00e1s informaci\u00f3n en nuestra&nbsp;<a href=\"http:\/\/www.webmastercanarias.com\/cookies.html\">\u201cPol\u00edtica de Cookies\u201d<\/a>.<\/p>\n\n\n\n<p><strong>3. \u00bfCUAL ES LA LEGITIMACI\u00d3N PARA EL TRATAMIENTO DE SUS DATOS?<\/strong><br>La legitimaci\u00f3n para el tratamiento de sus datos por parte de <strong>Documentos Express Sl<\/strong> se basa en:<\/p>\n\n\n\n<ul class=\"wp-block-list\">\n<li>En la ejecuci\u00f3n de un precontrato\/contrato para remitirle la informaci\u00f3n y prestarle el servicio solicitado, no siendo posible su realizaci\u00f3n en caso contrario.<\/li>\n<\/ul>\n\n\n\n<p><strong>4. \u00bfPOR CU\u00c1NTO TIEMPO CONSERVAMOS SUS DATOS?<\/strong><br>Los datos para remitirle la informaci\u00f3n o prestarle el servicio que soliciten mediante correo electr\u00f3nico ser\u00e1n conservados durante el tiempo que la relaci\u00f3n contractual se encuentre vigente, y una vez finalizada durante el plazo de prescripci\u00f3n legales.<\/p>\n\n\n\n<p><strong>5. \u00bfQU\u00c9 TIPO DE DATOS TRATAMOS DE NUESTROS USUARIOS?<\/strong><br><strong>Documentos Express Sl<\/strong> trata las siguientes categor\u00edas de datos:<\/p>\n\n\n\n<ul class=\"wp-block-list\">\n<li><strong>Datos de los usuarios que se ponen en contacto con nosotros a trav\u00e9s del correo electr\u00f3nico: S\u00f3lo los mayores de 16 a\u00f1os<\/strong>&nbsp;pueden facilitar datos a trav\u00e9s de nuestra web. Si eres menor de esta edad deber\u00e1s contar con el consentimiento de tus padres o tutores legales.<\/li>\n<\/ul>\n\n\n\n<p>El Usuario garantiza la autenticidad y actualidad de todos aquellos datos que comunique a <strong>Documentos Express Sl<\/strong> y declara que es mayor de 16 a\u00f1os, y ser\u00e1 el \u00fanico responsable de las manifestaciones falsas o inexactas que realice.<br>En el caso que nos facilites datos de terceros, manifiestas contar con el consentimiento de los mismos y te comprometes a trasladarle la informaci\u00f3n que te facilitamos en esta cl\u00e1usula, eximiendo a <strong>Documentos Express Sl<\/strong> de cualquier tipo de obligaci\u00f3n. No obstante <strong>Documentos Express Sl<\/strong> podr\u00e1 llevar a cabo verificaciones para constatar que el tercero ha sido informado adoptando las medidas de diligencia establecidas en la normativa de protecci\u00f3n de datos.<\/p>\n\n\n\n<p><strong>6. \u00bfA QU\u00c9 DESTINATARIOS SE COMUNICAR\u00c1N SUS DATOS?<\/strong><br>No se ceder\u00e1n datos a terceros salvo obligaci\u00f3n legal o en el supuesto que sea necesario para atender su solicitud.<\/p>\n\n\n\n<p><strong>7. \u00bfQU\u00c9 DERECHOS LE ASISTEN Y C\u00d3MO PUEDE EJERCITARLOS?<\/strong><br>El usuario puede ejercer los siguiente derechos ante <strong>Documentos Express Sl<\/strong>:<\/p>\n\n\n\n<ul class=\"wp-block-list\">\n<li>Acceder a sus datos personales.<\/li>\n\n\n\n<li>Rectificarlos cuando son inexactos o incompletos.<\/li>\n\n\n\n<li>Solicitar la supresi\u00f3n o cancelaci\u00f3n de los datos cuando, entre otros motivos hayan dejado de ser necesarios para los fines para los que fueron recogidos.<\/li>\n\n\n\n<li>Oponerse a su tratamiento.<\/li>\n\n\n\n<li>Pedir la limitaci\u00f3n del tratamiento de sus datos cuando se den alguna de las condiciones previstas en la normativa.<\/li>\n\n\n\n<li>Solicitar la portabilidad de sus datos en los casos previstos en la normativa.<\/li>\n\n\n\n<li>Impedir ser objeto de decisiones automatizadas.<\/li>\n\n\n\n<li>Revocar los consentimientos otorgados.<\/li>\n<\/ul>\n\n\n\n<p>El usuario para ejercer sus derechos, deber\u00e1 enviar un escrito en el que indique el derecho que desea ejercitar y acompa\u00f1ar documento acreditativo de su identidad y direcci\u00f3n postal o electr\u00f3nica a efectos de notificaci\u00f3n. Esta solicitud puede realizarla, bien mediante correo postal a: <strong>Documentos Express Sl<\/strong> Avenida Claudio Delgado diaz, 67 &#8211; PISO 1 PTA IZ,\u00a0San Miguel de Abona,\u00a038620,\u00a0Tenerife, o bien en la siguiente direcci\u00f3n de correo-e:\u00a0<a href=\"mailto:documentosexpress.sl@gmail.com\">documentosexpress.sl@gmail.com<\/a><br><strong>Documentos Express Sl<\/strong> deber\u00e1 contestar la solicitud del ejercicio de derechos en el plazo de un mes a partir de la recepci\u00f3n de la solicitud. Dicho plazo podr\u00e1 prorrogarse otros dos meses en caso necesario, teniendo en cuenta la complejidad y el n\u00famero de solicitudes. Le informaremos de cualquier pr\u00f3rroga en el plazo de un mes a partir de la recepci\u00f3n de la solicitud indicando los motivos de la dilaci\u00f3n.<br>Asimismo, los interesados tienen derecho a reclamar ante la Autoridad de Control competente (Agencia Espa\u00f1ola de Protecci\u00f3n de Datos) cuando consideren que <strong>Documentos Express Sl<\/strong> ha vulnerado los derechos que la normativa de protecci\u00f3n de datos les reconoce en\u00a0<a rel=\"noreferrer noopener\" href=\"http:\/\/www.aepd.es\/\" target=\"_blank\">www.aepd.es<\/a>.<\/p>\n\n\n\n<p><strong>8. \u00bfEST\u00c1N SEGUROS MIS DATOS?<\/strong><br><strong>Documentos Express Sl<\/strong> tiene vigente un contrato con la empresa de Hosting\u00a0<a href=\"http:\/\/www.ovh.es\/\">OVH HISPANO SL<\/a>\u00a0para el alojamiento de su p\u00e1gina web. Es una empresa europea y dispone de los \u00faltimos sistemas en medidas de seguridad.<br><strong>Documentos Express Sl<\/strong> garantiza la adopci\u00f3n de las medidas oportunas para asegurar el tratamiento confidencial de sus datos habida cuenta del car\u00e1cter reservado de los mismos.<br><strong>Documentos Express Sl<\/strong> se compromete a que dichos datos permanezcan secretos, trat\u00e1ndolos con la m\u00e1xima reserva, y declara tener implantadas en su sistema de informaci\u00f3n, las pol\u00edticas de seguridad correspondientes al tipo de datos manejados conforme a lo dispuesto en el REGLAMENTO (UE) 2016\/679 DEL PARLAMENTO EUROPEO Y DEL CONSEJO de 27 de abril de 2016 relativo a la protecci\u00f3n de las personas f\u00edsicas en lo que respecta al tratamiento de datos personales y a la libre circulaci\u00f3n de estos datos (RGPD).<\/p>\n\n\n\n<p><strong>9. ENLACES A OTROS SITIOS WEB<\/strong><br>Si opta por abandonar nuestro sitio Web a trav\u00e9s de enlaces a otros sitios Web no pertenecientes a nuestra entidad, <strong>Documentos Express Sl<\/strong> no se har\u00e1 responsable de las pol\u00edticas de privacidad de dichos sitios Web ni de las cookies que estos puedan almacenar en el ordenador del usuario.<\/p>\n\n\n\n<p><strong>Versi\u00f3n: 2.0<\/strong><\/p>\n\n\n\n<p><strong>Fecha: 08\/02\/19<\/strong><\/p>","protected":false},"excerpt":{"rendered":"<p>INFORMACI\u00d3N B\u00c1SICA DE PROTECCI\u00d3N DE DATOS Responsable Documentos Express Sl Finalidad Atender las solicitudes realizadas a trav\u00e9s de la web, gestionar el env\u00edo de informaci\u00f3n. Legitimaci\u00f3n Consentimiento del interesado y ejecuci\u00f3n de un precontrato\/ contrato. Destinatarios No se ceder\u00e1n datos a terceros salvo obligaci\u00f3n legal o en el supuesto que sea necesario para atender su [&hellip;]<\/p>\n","protected":false},"author":5,"featured_media":0,"parent":0,"menu_order":0,"comment_status":"closed","ping_status":"closed","template":"","meta":{"om_disable_all_campaigns":false,"_monsterinsights_skip_tracking":false,"_monsterinsights_sitenote_active":false,"_monsterinsights_sitenote_note":"","_monsterinsights_sitenote_category":0,"site-sidebar-layout":"default","site-content-layout":"","ast-site-content-layout":"default","site-content-style":"default","site-sidebar-style":"default","ast-global-header-display":"","ast-banner-title-visibility":"","ast-main-header-display":"","ast-hfb-above-header-display":"","ast-hfb-below-header-display":"","ast-hfb-mobile-header-display":"","site-post-title":"","ast-breadcrumbs-content":"","ast-featured-img":"","footer-sml-layout":"","ast-disable-related-posts":"","theme-transparent-header-meta":"","adv-header-id-meta":"","stick-header-meta":"","header-above-stick-meta":"","header-main-stick-meta":"","header-below-stick-meta":"","astra-migrate-meta-layouts":"set","ast-page-background-enabled":"default","ast-page-background-meta":{"desktop":{"background-color":"","background-image":"","background-repeat":"repeat","background-position":"center center","background-size":"auto","background-attachment":"scroll","background-type":"","background-media":"","overlay-type":"","overlay-color":"","overlay-opacity":"","overlay-gradient":""},"tablet":{"background-color":"","background-image":"","background-repeat":"repeat","background-position":"center center","background-size":"auto","background-attachment":"scroll","background-type":"","background-media":"","overlay-type":"","overlay-color":"","overlay-opacity":"","overlay-gradient":""},"mobile":{"background-color":"","background-image":"","background-repeat":"repeat","background-position":"center center","background-size":"auto","background-attachment":"scroll","background-type":"","background-media":"","overlay-type":"","overlay-color":"","overlay-opacity":"","overlay-gradient":""}},"ast-content-background-meta":{"desktop":{"background-color":"var(--ast-global-color-5)","background-image":"","background-repeat":"repeat","background-position":"center center","background-size":"auto","background-attachment":"scroll","background-type":"","background-media":"","overlay-type":"","overlay-color":"","overlay-opacity":"","overlay-gradient":""},"tablet":{"background-color":"var(--ast-global-color-5)","background-image":"","background-repeat":"repeat","background-position":"center center","background-size":"auto","background-attachment":"scroll","background-type":"","background-media":"","overlay-type":"","overlay-color":"","overlay-opacity":"","overlay-gradient":""},"mobile":{"background-color":"var(--ast-global-color-5)","background-image":"","background-repeat":"repeat","background-position":"center center","background-size":"auto","background-attachment":"scroll","background-type":"","background-media":"","overlay-type":"","overlay-color":"","overlay-opacity":"","overlay-gradient":""}},"footnotes":""},"class_list":["post-3","page","type-page","status-publish","hentry"],"aioseo_notices":[],"acf":[],"_links":{"self":[{"href":"https:\/\/documentosexpress.es\/en\/wp-json\/wp\/v2\/pages\/3","targetHints":{"allow":["GET"]}}],"collection":[{"href":"https:\/\/documentosexpress.es\/en\/wp-json\/wp\/v2\/pages"}],"about":[{"href":"https:\/\/documentosexpress.es\/en\/wp-json\/wp\/v2\/types\/page"}],"author":[{"embeddable":true,"href":"https:\/\/documentosexpress.es\/en\/wp-json\/wp\/v2\/users\/5"}],"replies":[{"embeddable":true,"href":"https:\/\/documentosexpress.es\/en\/wp-json\/wp\/v2\/comments?post=3"}],"version-history":[{"count":5,"href":"https:\/\/documentosexpress.es\/en\/wp-json\/wp\/v2\/pages\/3\/revisions"}],"predecessor-version":[{"id":2530,"href":"https:\/\/documentosexpress.es\/en\/wp-json\/wp\/v2\/pages\/3\/revisions\/2530"}],"wp:attachment":[{"href":"https:\/\/documentosexpress.es\/en\/wp-json\/wp\/v2\/media?parent=3"}],"curies":[{"name":"wp","href":"https:\/\/api.w.org\/{rel}","templated":true}]}}